{"id":10367,"date":"2017-06-10T08:34:22","date_gmt":"2017-06-10T08:34:22","guid":{"rendered":"https:\/\/www.car-hire-rental.info\/uvjeti\/"},"modified":"2019-01-09T12:31:27","modified_gmt":"2019-01-09T12:31:27","slug":"uvjeti-najma-rent-a-car","status":"publish","type":"page","link":"https:\/\/www.car-hire-rental.info\/hr\/uvjeti-najma-rent-a-car\/","title":{"rendered":"UVJETI"},"content":{"rendered":"<p>[vc_row][vc_column][vc_column_text]<\/p>\n<h2 style=\"text-align: center;\">Renta a car uvjeti najma<\/h2>\n<p style=\"text-align: center;\"><strong>Uvjeti najma vozila<\/strong><\/p>\n<p>[\/vc_column_text][vc_column_text]<\/p>\n<p style=\"text-align: center;\"><span style=\"font-size: 16px;\">Donosimo vam \u010desta pitanja o najmu vozila u San Diego Tours d.o.o. Svakako pro\u010ditajte i Ugovor o najmu vozila, \u010dije je prihva\u0107anje uvjet za narud\u017ebu vozila.<\/span><\/p>\n<p>[\/vc_column_text][\/vc_column][\/vc_row][vc_row css=&#8221;.vc_custom_1497126171788{background-position: center !important;background-repeat: no-repeat !important;background-size: cover !important;}&#8221;][vc_column width=&#8221;2\/3&#8243;]<div id=\"cz_41824\" class=\"cz_41824 cz_title clr cz_title_has_icon cz_title_pos_inline\"><div class=\"cz_title_content\"><i class=\"cz_title_icon_before fa fa-question-circle-o\"><\/i><div class=\"cz_wpe_content\"><h2>Pitanja o najmu vozila<\/h2>\n<\/div><\/div><\/div><div id=\"cz_56434\" data-arrows='{\"open\":\"fa fa-chevron-circle-down\",\"close\":\"fa fa-chevron-circle-up\"}' class=\"cz_56434 cz_acc clr\"><div><div><span class=\"cz_acc_child\"><div>\u0160to trebate kako bi ste iznajmili auto u San Diefo - Rent a Car Splitu?<\/div><\/span><div class=\"cz_acc_child_content clr\">[vc_column_text]<strong>a)<\/strong> voza\u010dku dozvolu<br \/>\n<strong>b)<\/strong> kreditnu karticu ( MasterCard, Visa, Diners, American ) kao osiguranje tvrtke pri iznajmljivanju. Iznos rezervacije, tzv. fran\u0161ize iznosi 3500 kn<\/p>\n<p>U slu\u010daju da klijent, potpisnik ugovora (iznajmljiva\u010d) mora ili \u017eeli dati iznajmljeno vozilo na\u0161e tvrtke svome suputniku, tvrtka San Diego Tours, Split mora evidantirati isto u Ugovoru o najmu.<\/p>\n<p>Potrebni su joj svi podaci, te broj voza\u010dke dozvole drugog voza\u010da.<br \/>\nOvu uslugu na\u0161 rent a car San Diego tours, Split, ne napla\u0107uje.[\/vc_column_text]<\/div><\/div><div><span class=\"cz_acc_child\"><div>Rezervacije<\/div><\/span><div class=\"cz_acc_child_content clr\">[vc_column_text]Kontaktirajte nas mobitelom <strong>+385 91 3333 548<\/strong><br \/>\nEmail na adresu <strong>sandiegotours@net.hr<\/strong><br \/>\nOsobnim dolaskom u tvrtku San Diego Tours na adresi <strong>Obala Lazareta 3, 21 000 Split<\/strong>.<\/p>\n<p>Rezervacija za automobil iznosi 400 HRK. Iznos rezervacije se odbija po naplati ukupnog iznosa najma. Izdajemo potvrdu o rezervaciji, te o ugovorenom datumu najma.<br \/>\nSkuter rezervacija iznosi 200 hrk, tako\u0111er se iznos rezervacije odbija kod naplate cjelokupnog najma.<\/p>\n<p>U slu\u010daju otkaza najma iznos rezervacije NE vra\u0107amo.[\/vc_column_text]<\/div><\/div><div><span class=\"cz_acc_child\"><div>Mjesto iznajmljivanja i vra\u0107anja<\/div><\/span><div class=\"cz_acc_child_content clr\">[vc_column_text]Pru\u017eamo uslugu preuzimanja i vra\u0107anja automobila na razli\u010ditim mjestima, gradovima te odredi\u0161tima koji Vama pogoduju. Sve uz prethodni dogovor s tvrtkom San Diego Tours, Split.[\/vc_column_text]<\/div><\/div><div><span class=\"cz_acc_child\"><div>Gume<\/div><\/span><div class=\"cz_acc_child_content clr\">[vc_column_text]Sezonske<br \/>\nZIMI &#8211; zimske<br \/>\nLJETI &#8211; ljetne[\/vc_column_text]<\/div><\/div><\/div><\/div><div class=\"cz_gap clr  hide_on_tablet hide_on_mobile\" style=\"height: 50px\"><\/div><div class=\"cz_gap show_on_tablet clr  show_only_tablet\" style=\"height: 20px\"><\/div><div class=\"cz_gap show_on_mobile clr\" style=\"height: 5px\"><\/div><div id=\"cz_110171\" data-arrows='{\"open\":\"fa fa-chevron-circle-down\",\"close\":\"fa fa-chevron-circle-up\"}' class=\"cz_110171 cz_acc clr cz_acc_toggle\"><div><div><span class=\"cz_acc_child\"><div>Naplata i vrste pla\u0107anja<\/div><\/span><div class=\"cz_acc_child_content clr\">[vc_column_text]Napla\u0107ujemo najam odmah po preuzimanju vozila u dogovorenom roku. Tako\u0111er radimo rezervaciju na klijentovu kreditnu karticu kao pokrice osiguranja (fran\u0161ize) ili po volji klijenta tako da on sam otkupljuje fran\u0161izu u gotovini.<br \/>\nPo naplati uru\u010dujemo ugovor potpisan od strane klijenta, te tvrtke San Diego Tours, Split \u0161to je ujedno potvrda o naplati najma te valjani Ugovor\/zakonski dokument.<br \/>\nPrimamo gotovinu te sve vrste pla\u0107anja.[\/vc_column_text]<\/div><\/div><div><span class=\"cz_acc_child\"><div>Osiguranje<\/div><\/span><div class=\"cz_acc_child_content clr\">[vc_column_text]Sva vozila i putnici su osigurani u renomiranoj osiguravaju\u0107oj ku\u0107i \u2013 vidi uvjete ugovora o najmu.[\/vc_column_text]<\/div><\/div><div><span class=\"cz_acc_child\"><div>Naknada \u0161tete<\/div><\/span><div class=\"cz_acc_child_content clr\">[vc_column_text]Vidi uvjete Ugovora o najmu vozila[\/vc_column_text]<\/div><\/div><div><span class=\"cz_acc_child\"><div>Gratis usluge<\/div><\/span><div class=\"cz_acc_child_content clr\">[vc_column_text]Nudimo razne popuste te gratis usluge kod najmova du\u017eeg trajanja kao:<\/p>\n<ul>\n<li>popuste u preno\u0107i\u0161tima<\/li>\n<li>restoranima<\/li>\n<li>gratis mobilni ure\u0111aj na kori\u0161tenje kako biste lak\u0161e kontaktirali odredi\u0161ne hotele, restorane te preno\u0107i\u0161ta<\/li>\n<li>gratis GPRS ure\u0111aj<\/li>\n<li>gratis dje\u010dja autosjedalica<\/li>\n<li>neograni\u010dena kilometra\u017ea<\/li>\n<li>stalni klijenti \u2013 nudimo popuste u sezoni i van sezone<\/li>\n<\/ul>\n<p>[\/vc_column_text]<\/div><\/div><\/div><\/div>[\/vc_column][vc_column width=&#8221;1\/3&#8243;]<div id=\"cz_20060\" class=\"cz_20060 cz_title clr cz_title_has_icon cz_title_pos_inline\"><div class=\"cz_title_content\"><i class=\"cz_title_icon_before fa fa-comment\"><\/i><div class=\"cz_wpe_content\"><h5>Postavi nam pitanje<\/h5>\n<\/div><\/div><\/div>[vc_column_text]<div data-uniq='69fdda27624e1' class='uniq-69fdda27624e1 formcraft-css form-live align-center'><div class='form-logic'>[]<\/div><div class=\"fc-pagination-cover fc-pagination-1\">\n\t\t\t\t<div class=\"fc-pagination\" style=\"width: 100%\">\n\t\t\t\t\t<div class=\"pagination-trigger \" data-index=\"0\">\n\t\t\t\t\t\t<span class=\"page-number\"><span >1<\/span><\/span>\n\t\t\t\t\t\t<span class=\"page-name \">Step 1<\/span>\n\t\t\t\t\t\t\n\t\t\t\t\t<\/div>\n\t\t\t\t<\/div>\n\t\t\t<\/div>\n\t\t\t\n\t\t\t<style scoped=\"scoped\" >\n\t\t\t@media (max-width : 480px) {\n\t\t\t\t.fc_modal-dialog-2 .fc-pagination-cover .fc-pagination\n\t\t\t\t{\n\t\t\t\t\tbackground-color: none !important;\n\t\t\t\t}\n\t\t\t}\n\t\t\t\t\t\t.formcraft-css .fc-form.fc-form-2 .form-element .submit-cover .submit-button,\n\t\t\t.formcraft-css .fc-form.fc-form-2 .form-element .fileupload-cover .button-file,\n\t\t\t.formcraft-css .fc-form.fc-form-2 .form-element .field-cover .button,\n\t\t\t.formcraft-datepicker .ui-datepicker-header,\n\t\t\t.formcraft-datepicker .ui-datepicker-title\n\t\t\t{\n\t\t\t\tbackground: #fe5214;\n\t\t\t\tcolor: #ffffff;\n\t\t\t}\n\t\t\t.formcraft-datepicker td .ui-state-active,\n\t\t\t.formcraft-datepicker td .ui-state-hover,\n\t\t\t.formcraft-css .fc-form.fc-form-2 .form-element .slider-cover .ui-slider-range\n\t\t\t{\n\t\t\t\tbackground: #fe5214;\n\t\t\t}\n\t\t\t#ui-datepicker-div.formcraft-datepicker .ui-datepicker-header,\n\t\t\t.formcraft-css .fc-form .field-cover>div.full hr\n\t\t\t{\n\t\t\t\tborder-color: #df4811;\n\t\t\t}\n\t\t\t#ui-datepicker-div.formcraft-datepicker .ui-datepicker-prev:hover,\n\t\t\t#ui-datepicker-div.formcraft-datepicker .ui-datepicker-next:hover,\n\t\t\t#ui-datepicker-div.formcraft-datepicker select.ui-datepicker-month:hover,\n\t\t\t#ui-datepicker-div.formcraft-datepicker select.ui-datepicker-year:hover\n\t\t\t{\n\t\t\t\tbackground-color: #df4811;\n\t\t\t}\n\t\t\t.formcraft-css .fc-pagination>div.active .page-number,\n\t\t\t.formcraft-css .form-cover-builder .fc-pagination>div:first-child .page-number\n\t\t\t{\n\t\t\t\tbackground-color: #fe5214;\n\t\t\t\tcolor: #ffffff;\n\t\t\t}\n\t\t\t#ui-datepicker-div.formcraft-datepicker table.ui-datepicker-calendar th,\n\t\t\t#ui-datepicker-div.formcraft-datepicker table.ui-datepicker-calendar td.ui-datepicker-today a,\n\t\t\t.formcraft-css .fc-form.fc-form-2 .form-element .star-cover label,\n\t\t\thtml .formcraft-css .fc-form.label-floating .form-element .field-cover.has-focus>span,\n\t\t\t.formcraft-css .fc-form.fc-form-2 .form-element .customText-cover a,\n\t\t\t.formcraft-css .prev-next>div span:hover\n\t\t\t{\n\t\t\t\tcolor: #fe5214;\n\t\t\t}\n\t\t\t.formcraft-css .fc-form.fc-form-2 .form-element .customText-cover a:hover\n\t\t\t{\n\t\t\t\tcolor: #df4811;\n\t\t\t}\n\t\t\thtml .formcraft-css .fc-form.fc-form-2.label-floating .form-element .field-cover > span\n\t\t\t{\n\t\t\t\tcolor: #fe5214;\n\t\t\t}\n\t\t\thtml .formcraft-css .fc-form .final-success .final-success-check {\n\t\t\t\tborder: 2px solid #fe5214;\n\t\t\t}\n\t\t\t.formcraft-css .fc-form.fc-form-2 .form-element .field-cover input[type=\"text\"],\n\t\t\t.formcraft-css .fc-form.fc-form-2 .form-element .field-cover input[type=\"email\"],\n\t\t\t.formcraft-css .fc-form.fc-form-2 .form-element .field-cover input[type=\"password\"],\n\t\t\t.formcraft-css .fc-form.fc-form-2 .form-element .field-cover input[type=\"tel\"],\n\t\t\t.formcraft-css .fc-form.fc-form-2 .form-element .field-cover textarea,\n\t\t\t.formcraft-css .fc-form.fc-form-2 .form-element .field-cover select,\n\t\t\t.formcraft-css .fc-form.fc-form-2 .form-element .field-cover .time-fields-cover,\n\t\t\t.formcraft-css .fc-form.fc-form-2 .form-element .field-cover .awesomplete ul\n\t\t\t{\n\t\t\t\tcolor: #000000;\n\t\t\t}\n\t\t\t.formcraft-css .fc-form.fc-form-2 .form-element .field-cover input[type=\"text\"],\n\t\t\t.formcraft-css .fc-form.fc-form-2 .form-element .field-cover input[type=\"password\"],\n\t\t\t.formcraft-css .fc-form.fc-form-2 .form-element .field-cover input[type=\"email\"],\n\t\t\t.formcraft-css .fc-form.fc-form-2 .form-element .field-cover input[type=\"radio\"],\n\t\t\t.formcraft-css .fc-form.fc-form-2 .form-element .field-cover input[type=\"checkbox\"],\n\t\t\t.formcraft-css .fc-form.fc-form-2 .form-element .field-cover input[type=\"tel\"],\n\t\t\t.formcraft-css .fc-form.fc-form-2 .form-element .field-cover select,\n\t\t\t.formcraft-css .fc-form.fc-form-2 .form-element .field-cover textarea\n\t\t\t{\n\t\t\t\tbackground-color: #ffffff;\n\t\t\t}\n\t\t\t.formcraft-css .fc-form.fc-form-2 .form-element .field-cover input[type=\"radio\"]:checked,\n\t\t\t.formcraft-css .fc-form.fc-form-2 .form-element .field-cover input[type=\"checkbox\"]:checked {\n\t\t\t\tborder-color: #df4811;\n\t\t\t\tbackground: #fe5214;\t\t\t\t\n\t\t\t}\n\t\t\t.formcraft-css .fc-form.fc-form-2 .form-element .star-cover label .star\n\t\t\t{\n\t\t\t\ttext-shadow: 0px 1px 0px #df4811;\n\t\t\t}\n\t\t\t.formcraft-css .fc-form.fc-form-2 .form-element .slider-cover .ui-slider-range\n\t\t\t{\n\t\t\t\tbox-shadow: 0px 1px 1px #df4811 inset;\n\t\t\t}\n\t\t\t.formcraft-css .fc-form.fc-form-2 .form-element .fileupload-cover .button-file\n\t\t\t{\n\t\t\t\tborder-color: #df4811;\n\t\t\t}\n\t\t\t.formcraft-css .fc-form.fc-form-2 .form-element .form-element-html input[type=\"password\"]:focus,\n\t\t\t.formcraft-css .fc-form.fc-form-2 .form-element .form-element-html input[type=\"email\"]:focus,\n\t\t\t.formcraft-css .fc-form.fc-form-2 .form-element .form-element-html input[type=\"tel\"]:focus,\n\t\t\t.formcraft-css .fc-form.fc-form-2 .form-element .form-element-html input[type=\"text\"]:focus,\n\t\t\t.formcraft-css .fc-form.fc-form-2 .form-element .form-element-html textarea:focus,\n\t\t\t.formcraft-css .fc-form.fc-form-2 .form-element .form-element-html select:focus\n\t\t\t{\n\t\t\t\tborder-color: #fe5214;\n\t\t\t}\n\t\t\t.formcraft-css .fc-form.fc-form-2 .form-element .form-element-html .field-cover .is-read-only:focus {\n\t\t\t\tborder-color: #ccc;\n\t\t\t}\n\t\t\t.formcraft-css .fc-form.fc-form-2\t\t\t{\n\t\t\t\tfont-family: inherit;\n\t\t\t}\n\t\t\t@media (max-width : 480px) {\n\t\t\t\thtml .dedicated-page,\n\t\t\t\thtml .dedicated-page .formcraft-css .fc-pagination > div.active\n\t\t\t\t{\n\t\t\t\t\tbackground: none;\n\t\t\t\t}\n\t\t\t}\n\t\t<\/style>\n\t\t<div class=\"form-cover\">\n\t\t\t<form data-thousand=\"\" data-decimal=\".\" data-delay=\"\" data-id=\"2\" class=\"fc-form fc-form-2 align- fc-temp-class spin- save-form- dont-submit-hidden- remove-asterisk- icons-hide- disable-enter- label-placeholder field-border-visible frame-visible field-alignment-left\" style=\"width: 800px; color: #fe5214; font-size: 100%; background: none\" wtx-context=\"38ACA2EC-3470-422E-86F0-B733B4DFDB0C\">\n\t\t\t\t<div class=\"form-page form-page-0\" data-index=\"0\">\n\t\t\t\t\t\n\t\t\t\t\t<div class=\"form-page-content     \">\n\t\t\t\t\t\t<div data-identifier=\"field5\" data-index=\"0\" style=\"width: 50%\" class=\" form-element form-element-field5 options-false index-false form-element-0 default-false form-element-type-oneLineText is-required-false odd -handle\">\n\t\t\t\t\t\t\t<div class=\"form-element-html\"><div ><div class=\"oneLineText-cover field-cover  \"><span class=\"sub-label-false\"><span class=\"main-label\"><span >Ime i prezime<\/span><\/span><span class=\"sub-label\"><\/span><\/span><div><span class=\"error\"><\/span><input type=\"text\" placeholder=\"Ime i prezime\" make-read-only=\"false\" data-field-id=\"field5\" name=\"field5[]\" data-min-char=\"\" data-max-char=\"\" data-val-type=\"\" data-regexp=\"\" data-is-required=\"false\" data-allow-spaces=\"\" class=\"validation-lenient\" data-placement=\"right\" data-toggle=\"tooltip\" tooltip=\"\" data-trigger=\"focus\" data-html=\"true\" data-input-mask=\"\" data-mask-placeholder=\"\" data-original-title=\"\" wtx-context=\"B5BE7482-13A4-4771-8CFD-AD8A6F0DAFD9\"><i class=\"formcraft-icon formcraft-icon-type-person\">person<\/i><\/div><\/div><\/div><\/div>\n\t\t\t\t\t\t\t\n\t\t\t\t\t\t<\/div><div data-identifier=\"field6\" data-index=\"1\" style=\"width: 50%\" class=\" even form-element form-element-field6 options-false index-false form-element-1 default-false form-element-type-oneLineText is-required-false -handle\">\n\t\t\t\t\t\t\t<div class=\"form-element-html\"><div ><div class=\"oneLineText-cover field-cover  \"><span class=\"sub-label-false\"><span class=\"main-label\"><span >Telefon<\/span><\/span><span class=\"sub-label\"><\/span><\/span><div><span class=\"error\"><\/span><input type=\"text\" placeholder=\"Telefon\" make-read-only=\"false\" data-field-id=\"field6\" name=\"field6[]\" data-min-char=\"\" data-max-char=\"\" data-val-type=\"\" data-regexp=\"\" data-is-required=\"false\" data-allow-spaces=\"\" class=\"validation-lenient\" data-placement=\"right\" data-toggle=\"tooltip\" tooltip=\"\" data-trigger=\"focus\" data-html=\"true\" data-input-mask=\"\" data-mask-placeholder=\"\" data-original-title=\"\" wtx-context=\"1BAB34FA-B0F4-4FB3-86B5-5A1E1A903245\"><i class=\"formcraft-icon formcraft-icon-type-phone\">phone<\/i><\/div><\/div><\/div><\/div>\n\t\t\t\t\t\t\t\n\t\t\t\t\t\t<\/div><div data-identifier=\"field1\" data-index=\"2\" style=\"width: 100%\" class=\" form-element form-element-field1 options-false index-false form-element-2 default-false form-element-type-email is-required-false odd -handle\">\n\t\t\t\t\t\t\t<div class=\"form-element-html\"><div ><div class=\"email-cover field-cover  \"><span class=\"sub-label-true\"><span class=\"main-label\"><span >Email<\/span><\/span><span class=\"sub-label\"><span >a valid email<\/span><\/span><\/span><div><span class=\"error\"><\/span><input placeholder=\"Email\" data-field-id=\"field1\" type=\"text\" data-val-type=\"email\" make-read-only=\"\" data-is-required=\"false\" name=\"field1\" class=\"validation-lenient\" data-placement=\"right\" data-toggle=\"tooltip\" tooltip=\"\" data-trigger=\"focus\" data-html=\"true\" data-original-title=\"\" wtx-context=\"07125657-705D-4F58-87FE-FDE494D8E0AC\"><i class=\"formcraft-icon\">email<\/i><\/div><\/div><\/div><\/div>\n\t\t\t\t\t\t\t\n\t\t\t\t\t\t<\/div><div data-identifier=\"field2\" data-index=\"3\" style=\"width: 100%\" class=\" even form-element form-element-field2 options-false index-false form-element-3 default-false form-element-type-textarea is-required-false -handle\">\n\t\t\t\t\t\t\t<div class=\"form-element-html\"><div ><div class=\"textarea-cover field-cover  \"><span class=\"sub-label-false\"><span class=\"main-label\"><span >Upit<\/span><\/span><span class=\"sub-label\"><\/span><\/span><div><span class=\"error\"><\/span><textarea data-field-id=\"field2\" placeholder=\"Upit\" class=\"validation-lenient\" name=\"field2\" value=\"\" rows=\"4\" data-min-char=\"\" data-max-char=\"\" data-is-required=\"false\" data-placement=\"right\" data-toggle=\"tooltip\" tooltip=\"\" data-trigger=\"focus\" data-html=\"true\" data-original-title=\"\" style=\"min-height: 92px\"><\/textarea><div class=\"count-\"><span class=\"current-count\">0<\/span> \/ <span class=\"max-count \"><\/span><\/div><\/div><\/div><\/div><\/div>\n\t\t\t\t\t\t\t\n\t\t\t\t\t\t<\/div><div data-identifier=\"field7\" data-index=\"4\" style=\"width: 100%\" class=\" form-element form-element-field7 options-false index-false form-element-4 default-false form-element-type-submit is-required-false odd -handle\">\n\t\t\t\t\t\t\t<div class=\"form-element-html\"><div ><div class=\"align-right wide-false submit-cover field-cover\"><button type=\"submit\" class=\"button submit-button\"><span class=\"text \">PO\u0160ALJI PORUKU<\/span><span class=\"spin-cover\"><i style=\"color:\" class=\"loading-icon icon-cog animate-spin\"><\/i><\/span><\/button><\/div><div class=\"submit-response \"><\/div><input type=\"text\" class=\"required_field \" name=\"website\" autocomplete=\"maple-syrup-pot\" wtx-context=\"30D9ABA3-4A45-491D-91AA-4C21A5ACE602\"><\/div><\/div>\n\t\t\t\t\t\t\t\n\t\t\t\t\t\t<\/div>\n\t\t\t\t\t<\/div>\n\t\t\t\t<\/div>\n\t\t\t<\/form>\n\t\t\t<div class=\"prev-next prev-next-1\" style=\"width: 800px; color: #fe5214; font-size: 100%; background: none\">\n\t\t\t\t<div><input type=\"text\" class=\"  \" wtx-context=\"E4A39AA1-616D-465D-AE73-0E05B21659F9\"><span class=\"inactive page-prev \"><i class=\"formcraft-icon\">keyboard_arrow_left<\/i>Previous<\/span><\/div>\n\t\t\t\t<div><input type=\"text\" class=\"  \" wtx-context=\"37693C1D-FCC9-4F29-8FF2-A5A0B0242796\"><span class=\"page-next \">Next<i class=\"formcraft-icon\">keyboard_arrow_right<\/i><\/span><\/div>\n\t\t\t<\/div>\n\t\t<\/div><\/div>[\/vc_column_text]<div class=\"cz_btn_center\"><div class=\"cz_52401_p\"><a id=\"cz_52401\" class=\"cz_52401 cz_btn cz_btn_txt_no_fx cz_btn_zoom_in\" href=\"https:\/\/www.car-hire-rental.info\/wp-content\/uploads\/2018\/03\/ugovor.pdf\"><span><i class=\"fa fa-car\"><\/i><strong>Ugovor o najmu vozila<\/strong><\/span><b class=\"cz_btn_onhover\"><i class=\"fa fa-car\"><\/i><strong>Ugovor o najmu vozila<\/strong><\/b><\/a><\/div><\/div>[\/vc_column][\/vc_row]<\/p>\n","protected":false},"excerpt":{"rendered":"<p>[vc_row][vc_column][vc_column_text] Renta a car uvjeti najma Uvjeti najma vozila [\/vc_column_text][vc_column_text] Donosimo &#8230; <\/p>\n","protected":false},"author":1,"featured_media":0,"parent":0,"menu_order":0,"comment_status":"closed","ping_status":"closed","template":"","meta":[],"_links":{"self":[{"href":"https:\/\/www.car-hire-rental.info\/hr\/wp-json\/wp\/v2\/pages\/10367\/"}],"collection":[{"href":"https:\/\/www.car-hire-rental.info\/hr\/wp-json\/wp\/v2\/pages\/"}],"about":[{"href":"https:\/\/www.car-hire-rental.info\/hr\/wp-json\/wp\/v2\/types\/page\/"}],"author":[{"embeddable":true,"href":"https:\/\/www.car-hire-rental.info\/hr\/wp-json\/wp\/v2\/users\/1\/"}],"replies":[{"embeddable":true,"href":"https:\/\/www.car-hire-rental.info\/hr\/wp-json\/wp\/v2\/comments\/?post=10367"}],"version-history":[{"count":20,"href":"https:\/\/www.car-hire-rental.info\/hr\/wp-json\/wp\/v2\/pages\/10367\/revisions\/"}],"predecessor-version":[{"id":10981,"href":"https:\/\/www.car-hire-rental.info\/hr\/wp-json\/wp\/v2\/pages\/10367\/revisions\/10981\/"}],"wp:attachment":[{"href":"https:\/\/www.car-hire-rental.info\/hr\/wp-json\/wp\/v2\/media\/?parent=10367"}],"curies":[{"name":"wp","href":"https:\/\/api.w.org\/{rel}","templated":true}]}}