{"id":10365,"date":"2018-12-04T08:28:13","date_gmt":"2018-12-04T08:28:13","guid":{"rendered":"https:\/\/www.car-hire-rental.info\/split\/"},"modified":"2019-01-10T12:34:30","modified_gmt":"2019-01-10T12:34:30","slug":"split-hrvatska","status":"publish","type":"page","link":"https:\/\/www.car-hire-rental.info\/hr\/split-hrvatska\/","title":{"rendered":"SPLIT HRVATSKA"},"content":{"rendered":"<p>[vc_row][vc_column][vc_column_text]<span style=\"font-size: 16px;\">Stanovnici \u201c<strong>grada pod Marjanom<\/strong>\u201d s puno ponosa \u0107e vam re\u0107i kako je njihov grad \u201cnajlip\u0161i na svitu i okolici\u201d i o tome s njima nemojte polemizirati jer tisu\u0107ljetni Split vedra duha uvjerit \u0107e vas u to bez sumnje! Ovaj vje\u010dno mlad grad sa oko 300 tisu\u0107a stanovnika koji mu daju topli mediteranski temperament \u017eivi svojim urbanim ritmom ve\u0107 1700 godina, sa srcem u Dioklecijanovoj pala\u010di i du\u0161om koja vas do\u010dekuje ra\u0161irenih ruku. Grad je pod za\u0161titom UNESCO-a i upisan je u registar Svjetske kulturne ba\u0161tine.<\/span>[\/vc_column_text][\/vc_column][\/vc_row][vc_row][vc_column width=&#8221;1\/2&#8243;]<div id=\"cz_32676\" class=\"cz_32676 cz_image clr cz_image_no_fx\"><div class=\"\"><div class=\"cz_image_in\"><div class=\"cz_main_image\"><img width=\"800\" height=\"534\" src=\"https:\/\/www.car-hire-rental.info\/wp-content\/uploads\/2018\/12\/split-rent-a-car1.jpg\" class=\"attachment-full\" alt=\"\" loading=\"lazy\" title=\"split-rent-a-car1\" srcset=\"https:\/\/www.car-hire-rental.info\/wp-content\/uploads\/2018\/12\/split-rent-a-car1.jpg 800w, https:\/\/www.car-hire-rental.info\/wp-content\/uploads\/2018\/12\/split-rent-a-car1-600x401.jpg 600w, https:\/\/www.car-hire-rental.info\/wp-content\/uploads\/2018\/12\/split-rent-a-car1-300x200.jpg 300w, https:\/\/www.car-hire-rental.info\/wp-content\/uploads\/2018\/12\/split-rent-a-car1-768x513.jpg 768w, https:\/\/www.car-hire-rental.info\/wp-content\/uploads\/2018\/12\/split-rent-a-car1-458x306.jpg 458w\" sizes=\"(max-width: 800px) 100vw, 800px\" \/><\/div><\/div><\/div><\/div>[\/vc_column][vc_column width=&#8221;1\/2&#8243;]<div id=\"cz_32757\" class=\"cz_32757 cz_title clr cz_title_pos_inline\"><div class=\"cz_title_content\"><div class=\"cz_wpe_content\"><h5>Polo\u017eaj i prirodni uvjeti<\/h5>\n<p><span style=\"font-size: 16px;\">Grad Split smjestio se u najtoplijem podru\u010dju sjeverne obale Sredozemlja, u samom sredi\u0161tu Jadranske obale i u neposrednoj blizini rijeka Jadro i \u017drnovnica koje ga ve\u0107 1700 godina opskrbljuju vodom. Njegova blaga klima sa 2700 sun\u010danih sati godi\u0161nje, pretvara ga i usred zime u oazu u kojoj se u zavjetrini mo\u017ee u\u017eivati u suncu. Industrijski, sveu\u010dili\u0161ni i gospodarski centar regije, svoju \u201czelenu du\u0161u\u201d \u010duva na brdu Marjan smje\u0161tenom na zapadnom djelu poluotoka, gdje park-\u0161uma nadomak grada pru\u017ea ugodu mirnih i od gradske buke sa\u010duvanih \u0161etnica pod borovima uz more.<\/span><\/p>\n<\/div><\/div><\/div><div class=\"cz_gap clr  hide_on_tablet hide_on_mobile\" style=\"height: 20px\"><\/div><div class=\"cz_gap show_on_tablet clr  show_only_tablet\" style=\"height: 20px\"><\/div><div class=\"cz_gap show_on_mobile clr\" style=\"height: 10px\"><\/div><div id=\"cz_106459\" class=\"cz_106459 cz_title clr cz_title_pos_inline\"><div class=\"cz_title_content\"><div class=\"cz_wpe_content\"><h5>Povijesni naziv Splita<\/h5>\n<p><span style=\"font-size: 16px;\">Grad Split je kroz povijest vi\u0161e puta mijenjao svoj naziv. Tako ga nalazimo kao Aspalathos\/Spalatos (gr\u010d.), Spalatum (lat.), Spalato (tal.), Spljet, Split. Podrijetlo imena se izvodi od biljke brnistre (\u017euke) koja ovdje raste u izobilju. Naime gr\u010dki naziv za brnistru je aspalathos. To je jedna teorija, a po drugoj teoriji; ime je nastalo od latinske rije\u010di, kao uve\u0107anica za pala\u010du \u2013 tj. \u201cpala\u010detina\u201d ili iz \u201cspalato\u201d=pala\u010dica, mala pala\u010da (tal.).<\/span><\/p>\n<\/div><\/div><\/div>[\/vc_column][\/vc_row][vc_row][vc_column]<div class=\"cz_gap clr  hide_on_tablet hide_on_mobile\" style=\"height: 40px\"><\/div><div class=\"cz_gap show_on_tablet clr  show_only_tablet\" style=\"height: 20px\"><\/div><div class=\"cz_gap show_on_mobile clr\" style=\"height: 10px\"><\/div>[\/vc_column][\/vc_row][vc_row][vc_column width=&#8221;1\/2&#8243;]<div id=\"cz_23645\" class=\"cz_23645 cz_title clr cz_title_pos_inline\"><div class=\"cz_title_content\"><div class=\"cz_wpe_content\"><h5>Car Dioklecijan<\/h5>\n<p><span style=\"font-size: 16px;\">Prvi stanovnik splita bio je car Dioklecijan koji je ba\u0161 u toj pitomoj uvali odlu\u010dio oko 293. godine poslije Krista sagraditi rasko\u0161nu carsku vilu od oko 30 tisu\u0107a metara \u010detvornih u koju se povukao nakon odlaska s trona rimskog imperatora. Burna stolje\u0107a nakon toga od vile su u\u010dinila grad u koji su prvi u\u0161li stanovnici obli\u017enje Salone u bijegu pred Avarima i Slavenima. Kroz povijest;u gradu koji je rastao izvan zidina pala\u010de izmjenjivale su se mnoge vlasti od hrvatskih kraljeva u 10. stolje\u0107u, preko ma\u0111arske i venecijanske administracije, do francuskih vladara i Austro-ugarske monarhije. Burna pro\u0161lost ostavila je svoje tragove sjedinjene u svakodnevici grada koji je uvijek kro\u010dio \u2013 naprijed, ostaju\u0107i centar ovog dijela obale do dana\u0161njih dana.<\/span><\/p>\n<\/div><\/div><\/div><div class=\"cz_gap clr  hide_on_tablet hide_on_mobile\" style=\"height: 60px\"><\/div><div class=\"cz_gap show_on_tablet clr  show_only_tablet\" style=\"height: 40px\"><\/div><div class=\"cz_gap show_on_mobile clr\" style=\"height: 10px\"><\/div>[vc_column_text]<\/p>\n<table border=\"2\">\n<tbody>\n<tr>\n<th colspan=\"4\">Op\u0107i podaci o gradu Splitu<\/th>\n<\/tr>\n<tr>\n<th>Broj stanovnika<\/th>\n<th>Povr\u0161ina km<sup>2<\/sup><\/th>\n<th>Po\u0161tanski broj<\/th>\n<th>Slu\u017ebene stranice<\/th>\n<\/tr>\n<tr>\n<td align=\"center\">188 694<\/td>\n<td align=\"center\">79,33<\/td>\n<td align=\"center\">21000<\/td>\n<td align=\"center\"><a href=\"http:\/\/www.split.hr\/\">Grad Split<\/a><\/td>\n<\/tr>\n<\/tbody>\n<\/table>\n<p>[\/vc_column_text][\/vc_column][vc_column width=&#8221;1\/2&#8243;]<div id=\"cz_64673\" class=\"cz_64673 cz_image clr cz_image_no_fx\"><div class=\"\"><div class=\"cz_image_in\"><div class=\"cz_main_image\"><img width=\"1000\" height=\"667\" src=\"https:\/\/www.car-hire-rental.info\/wp-content\/uploads\/2018\/12\/rent-a-car-split2.jpg\" class=\"attachment-full\" alt=\"\" loading=\"lazy\" title=\"rent-a-car-split2\" srcset=\"https:\/\/www.car-hire-rental.info\/wp-content\/uploads\/2018\/12\/rent-a-car-split2.jpg 1000w, https:\/\/www.car-hire-rental.info\/wp-content\/uploads\/2018\/12\/rent-a-car-split2-600x400.jpg 600w, https:\/\/www.car-hire-rental.info\/wp-content\/uploads\/2018\/12\/rent-a-car-split2-300x200.jpg 300w, https:\/\/www.car-hire-rental.info\/wp-content\/uploads\/2018\/12\/rent-a-car-split2-768x512.jpg 768w, https:\/\/www.car-hire-rental.info\/wp-content\/uploads\/2018\/12\/rent-a-car-split2-460x306.jpg 460w\" sizes=\"(max-width: 1000px) 100vw, 1000px\" \/><\/div><\/div><\/div><\/div>[\/vc_column][\/vc_row][vc_row][vc_column]<div class=\"cz_gap clr  hide_on_tablet hide_on_mobile\" style=\"height: 40px\"><\/div><div class=\"cz_gap show_on_tablet clr  show_only_tablet\" style=\"height: 20px\"><\/div><div class=\"cz_gap show_on_mobile clr\" style=\"height: 10px\"><\/div>[\/vc_column][\/vc_row][vc_row][vc_column width=&#8221;1\/2&#8243;]<div id=\"cz_60049\" class=\"cz_60049 cz_image clr cz_image_no_fx\"><div class=\"\"><div class=\"cz_image_in\"><div class=\"cz_main_image\"><img width=\"1200\" height=\"1040\" src=\"https:\/\/www.car-hire-rental.info\/wp-content\/uploads\/2018\/12\/split-rent-a-car2.jpg\" class=\"attachment-full\" alt=\"\" loading=\"lazy\" title=\"split-rent-a-car2\" srcset=\"https:\/\/www.car-hire-rental.info\/wp-content\/uploads\/2018\/12\/split-rent-a-car2.jpg 1200w, https:\/\/www.car-hire-rental.info\/wp-content\/uploads\/2018\/12\/split-rent-a-car2-600x520.jpg 600w, https:\/\/www.car-hire-rental.info\/wp-content\/uploads\/2018\/12\/split-rent-a-car2-300x260.jpg 300w, https:\/\/www.car-hire-rental.info\/wp-content\/uploads\/2018\/12\/split-rent-a-car2-768x666.jpg 768w, https:\/\/www.car-hire-rental.info\/wp-content\/uploads\/2018\/12\/split-rent-a-car2-1024x887.jpg 1024w, https:\/\/www.car-hire-rental.info\/wp-content\/uploads\/2018\/12\/split-rent-a-car2-353x306.jpg 353w\" sizes=\"(max-width: 1200px) 100vw, 1200px\" \/><\/div><\/div><\/div><\/div>[\/vc_column][vc_column width=&#8221;1\/2&#8243;]<div class=\"cz_gap clr  hide_on_tablet hide_on_mobile\" style=\"height: 20px\"><\/div><div class=\"cz_gap show_on_tablet clr  show_only_tablet\" style=\"height: 20px\"><\/div><div class=\"cz_gap show_on_mobile clr\" style=\"height: 10px\"><\/div>[vc_row_inner][vc_column_inner width=&#8221;1\/2&#8243;]<div id=\"cz_74908\" class=\"cz_74908 cz_title clr cz_title_pos_inline\"><div class=\"cz_title_content\"><div class=\"cz_wpe_content\"><table border=\"2\">\n<tbody>\n<tr>\n<th colspan=\"2\">Prosje\u010dne mjese\u010dne temperature<\/th>\n<\/tr>\n<tr>\n<td>Sije\u010danj<\/td>\n<td align=\"right\">7.0\u00b0C<\/td>\n<\/tr>\n<tr>\n<td>Velja\u010da<\/td>\n<td align=\"right\">7.8\u00b0C<\/td>\n<\/tr>\n<tr>\n<td>O\u017eujak<\/td>\n<td align=\"right\">10.5\u00b0C<\/td>\n<\/tr>\n<tr>\n<td>Travanj<\/td>\n<td align=\"right\">14.8\u00b0C<\/td>\n<\/tr>\n<tr>\n<td>Svibanj<\/td>\n<td align=\"right\">18.5\u00b0C<\/td>\n<\/tr>\n<tr>\n<td>Lipanj<\/td>\n<td align=\"right\">22.5\u00b0C<\/td>\n<\/tr>\n<tr>\n<td>Srpanj<\/td>\n<td align=\"right\">25.6\u00b0C<\/td>\n<\/tr>\n<tr>\n<td>Kolovoz<\/td>\n<td align=\"right\">24.8\u00b0C<\/td>\n<\/tr>\n<tr>\n<td>Rujan<\/td>\n<td align=\"right\">20.9\u00b0C<\/td>\n<\/tr>\n<tr>\n<td>Listopad<\/td>\n<td align=\"right\">16.8\u00b0C<\/td>\n<\/tr>\n<tr>\n<td>Studeni<\/td>\n<td align=\"right\">11.8\u00b0C<\/td>\n<\/tr>\n<tr>\n<td>Prosinac<\/td>\n<td align=\"right\">8.1\u00b0C<\/td>\n<\/tr>\n<\/tbody>\n<\/table>\n<\/div><\/div><\/div>[\/vc_column_inner][vc_column_inner width=&#8221;1\/2&#8243;]<div id=\"cz_64926\" class=\"cz_64926 cz_title clr cz_title_pos_inline\"><div class=\"cz_title_content\"><div class=\"cz_wpe_content\"><table border=\"2\">\n<tbody>\n<tr>\n<th colspan=\"2\">Klimatolo\u0161ki podaci<\/th>\n<\/tr>\n<tr>\n<td>Prosje\u010dna zimska temperatura<\/td>\n<td align=\"right\">9\u00b0C<\/td>\n<\/tr>\n<tr>\n<td>Prosje\u010dna ljetna temperatura<\/td>\n<td align=\"right\">25\u00b0C<\/td>\n<\/tr>\n<tr>\n<td>Broj sun\u010danih sati godi\u0161nje<\/td>\n<td align=\"right\">2700<\/td>\n<\/tr>\n<\/tbody>\n<\/table>\n<\/div><\/div><\/div>[\/vc_column_inner][\/vc_row_inner][\/vc_column][\/vc_row]<\/p>\n","protected":false},"excerpt":{"rendered":"<p>[vc_row][vc_column][vc_column_text]Stanovnici \u201cgrada pod Marjanom\u201d s puno ponosa \u0107e vam re\u0107i kako &#8230; <\/p>\n","protected":false},"author":1,"featured_media":0,"parent":0,"menu_order":0,"comment_status":"closed","ping_status":"closed","template":"","meta":[],"_links":{"self":[{"href":"https:\/\/www.car-hire-rental.info\/hr\/wp-json\/wp\/v2\/pages\/10365\/"}],"collection":[{"href":"https:\/\/www.car-hire-rental.info\/hr\/wp-json\/wp\/v2\/pages\/"}],"about":[{"href":"https:\/\/www.car-hire-rental.info\/hr\/wp-json\/wp\/v2\/types\/page\/"}],"author":[{"embeddable":true,"href":"https:\/\/www.car-hire-rental.info\/hr\/wp-json\/wp\/v2\/users\/1\/"}],"replies":[{"embeddable":true,"href":"https:\/\/www.car-hire-rental.info\/hr\/wp-json\/wp\/v2\/comments\/?post=10365"}],"version-history":[{"count":10,"href":"https:\/\/www.car-hire-rental.info\/hr\/wp-json\/wp\/v2\/pages\/10365\/revisions\/"}],"predecessor-version":[{"id":10849,"href":"https:\/\/www.car-hire-rental.info\/hr\/wp-json\/wp\/v2\/pages\/10365\/revisions\/10849\/"}],"wp:attachment":[{"href":"https:\/\/www.car-hire-rental.info\/hr\/wp-json\/wp\/v2\/media\/?parent=10365"}],"curies":[{"name":"wp","href":"https:\/\/api.w.org\/{rel}","templated":true}]}}