{"id":10362,"date":"2018-12-04T08:29:17","date_gmt":"2018-12-04T08:29:17","guid":{"rendered":"https:\/\/www.car-hire-rental.info\/o-nama\/"},"modified":"2019-01-10T12:34:18","modified_gmt":"2019-01-10T12:34:18","slug":"o-nama","status":"publish","type":"page","link":"https:\/\/www.car-hire-rental.info\/hr\/o-nama\/","title":{"rendered":"O NAMA"},"content":{"rendered":"<p>[vc_row][vc_column][vc_column_text]<\/p>\n<p style=\"text-align: center;\"><span style=\"font-size: 18px;\"><strong>San Diego Tours d.o.o. \u2013 Split<\/strong> je renomirana tvrtka, duge tradicije koja se bavi <strong>iznajmljivanjem automobila, skutera, brodova<\/strong>, te vr\u0161i usluge <strong>transfera<\/strong>.<br \/>\nNi posredovanje u agencijskom poslovanju nam nije strano, tako se od 1997. godine bavimo i iznajmljivanjem smje\u0161taja, te izletima za goste.<\/span><\/p>\n<p style=\"text-align: center;\"><span style=\"font-size: 18px;\"><br \/>\nNalazimo se u centru povijesnog grada <strong>Splita<\/strong>, na po\u010detku njegove uvijek vedre i prepune rive.<br \/>\nU ulici <strong>Obala Lazareta 3, Split<\/strong>, \u0107ete prona\u0107i vedro i stru\u010dno osoblje koje Vam uvijek stoji na raspolaganju.<br \/>\nNa\u0161 po\u010detak je bio skroman, no danas smo jako ponosni na svoju bogatu ponudu kvalitetne i provjerene flote koja broji vi\u0161e od 30 vozila.<br \/>\nPodigli smo kvalitetu poslovanja na ve\u0107i nivo, novim vozilima, kako bi Va\u0161e putovanje te kori\u0161tenje na\u0161ih usluga iznajmljivanja bio \u0161to sigurnije.<\/span><\/p>\n<p style=\"text-align: center;\"><span style=\"font-size: 18px;\">Na\u0161a \u017eelja je Va\u0161 odmor i iznajmljivanje vozila u\u010diniti \u0161to ugodnijim iskustvom, a Va\u0161e zadovoljstvo je na\u0161a prvenstvena briga.<\/span><\/p>\n<p style=\"text-align: center;\"><span style=\"font-size: 18px;\">Obratite nam se s povjerenjem!<\/span><\/p>\n<p style=\"text-align: center;\"><span style=\"font-size: 18px;\">Sa \u0161tovanjem,<br \/>\nSan Diego Tours d.o.o. \u2013 Rent a car Split, Hrvatska<\/span><\/p>\n<p>[\/vc_column_text][\/vc_column][\/vc_row]<\/p>\n","protected":false},"excerpt":{"rendered":"<p>[vc_row][vc_column][vc_column_text] San Diego Tours d.o.o. \u2013 Split je renomirana tvrtka, duge &#8230; <\/p>\n","protected":false},"author":1,"featured_media":0,"parent":0,"menu_order":0,"comment_status":"closed","ping_status":"closed","template":"","meta":[],"_links":{"self":[{"href":"https:\/\/www.car-hire-rental.info\/hr\/wp-json\/wp\/v2\/pages\/10362\/"}],"collection":[{"href":"https:\/\/www.car-hire-rental.info\/hr\/wp-json\/wp\/v2\/pages\/"}],"about":[{"href":"https:\/\/www.car-hire-rental.info\/hr\/wp-json\/wp\/v2\/types\/page\/"}],"author":[{"embeddable":true,"href":"https:\/\/www.car-hire-rental.info\/hr\/wp-json\/wp\/v2\/users\/1\/"}],"replies":[{"embeddable":true,"href":"https:\/\/www.car-hire-rental.info\/hr\/wp-json\/wp\/v2\/comments\/?post=10362"}],"version-history":[{"count":3,"href":"https:\/\/www.car-hire-rental.info\/hr\/wp-json\/wp\/v2\/pages\/10362\/revisions\/"}],"predecessor-version":[{"id":10606,"href":"https:\/\/www.car-hire-rental.info\/hr\/wp-json\/wp\/v2\/pages\/10362\/revisions\/10606\/"}],"wp:attachment":[{"href":"https:\/\/www.car-hire-rental.info\/hr\/wp-json\/wp\/v2\/media\/?parent=10362"}],"curies":[{"name":"wp","href":"https:\/\/api.w.org\/{rel}","templated":true}]}}