{"id":10360,"date":"2017-06-10T08:24:41","date_gmt":"2017-06-10T08:24:41","guid":{"rendered":"https:\/\/www.car-hire-rental.info\/lokacije\/"},"modified":"2019-01-10T12:34:29","modified_gmt":"2019-01-10T12:34:29","slug":"rent-a-car-lokacije-najma","status":"publish","type":"page","link":"https:\/\/www.car-hire-rental.info\/hr\/rent-a-car-lokacije-najma\/","title":{"rendered":"LOKACIJE"},"content":{"rendered":"<p>[vc_row][vc_column][vc_column_text]<span style=\"font-size: 16px;\">San Diego Tours d.o.o. RENT A CAR SPLIT pru\u017ea vam mogu\u0107nost najma vozila (preuzimanje i vra\u0107anje vozila) u vi\u0161e top lokacija u Hrvatskoj i to:U Splitu (centar grada, aerodrom, hotel Le Meridien Lav ili \u017eeljena lokacija), u Zagrebu (centar grada, aerodrom), u Zadru (centar grada, aerodrom), u Dubrovniku (centar grada, aerodrom) te na Krku (aerodrom).<br \/>\nDostava na va\u0161u lokaciju preuzimanja vozila je gratis!<\/span>[\/vc_column_text][\/vc_column][\/vc_row][vc_row][vc_column width=&#8221;1\/4&#8243;]<div id=\"cz_96387\" class=\"cz_96387 cz_banner clr\">\n\t\t\t<figure class=\"effect-style1\">\n\t\t\t\t<img width=\"1000\" height=\"562\" src=\"https:\/\/www.car-hire-rental.info\/wp-content\/uploads\/2018\/12\/zagreb-centar-rent-a-car.jpg\" class=\"attachment-full\" alt=\"\" loading=\"lazy\" title=\"zagreb-centar-rent-a-car\" srcset=\"https:\/\/www.car-hire-rental.info\/wp-content\/uploads\/2018\/12\/zagreb-centar-rent-a-car.jpg 1000w, https:\/\/www.car-hire-rental.info\/wp-content\/uploads\/2018\/12\/zagreb-centar-rent-a-car-600x337.jpg 600w, https:\/\/www.car-hire-rental.info\/wp-content\/uploads\/2018\/12\/zagreb-centar-rent-a-car-300x169.jpg 300w, https:\/\/www.car-hire-rental.info\/wp-content\/uploads\/2018\/12\/zagreb-centar-rent-a-car-768x432.jpg 768w, https:\/\/www.car-hire-rental.info\/wp-content\/uploads\/2018\/12\/zagreb-centar-rent-a-car-460x259.jpg 460w\" sizes=\"(max-width: 1000px) 100vw, 1000px\" \/>\n\t\t\t\t<figcaption><div><h4>Split<\/h4><p class=\"cz_wpe_content\"><p style=\"text-align: center;\">centar<\/p>\n<\/p><\/div><\/figcaption>\t\t\t\n\t\t\t<\/figure>\n\t\t<\/div>[\/vc_column][vc_column width=&#8221;1\/4&#8243;]<div id=\"cz_53102\" class=\"cz_53102 cz_banner clr\">\n\t\t\t<figure class=\"effect-style1\">\n\t\t\t\t<img width=\"1000\" height=\"562\" src=\"https:\/\/www.car-hire-rental.info\/wp-content\/uploads\/2018\/12\/aerodrom-split-rent-a-car.jpg\" class=\"attachment-full\" alt=\"\" loading=\"lazy\" title=\"aerodrom-split-rent-a-car\" srcset=\"https:\/\/www.car-hire-rental.info\/wp-content\/uploads\/2018\/12\/aerodrom-split-rent-a-car.jpg 1000w, https:\/\/www.car-hire-rental.info\/wp-content\/uploads\/2018\/12\/aerodrom-split-rent-a-car-600x337.jpg 600w, https:\/\/www.car-hire-rental.info\/wp-content\/uploads\/2018\/12\/aerodrom-split-rent-a-car-300x169.jpg 300w, https:\/\/www.car-hire-rental.info\/wp-content\/uploads\/2018\/12\/aerodrom-split-rent-a-car-768x432.jpg 768w, https:\/\/www.car-hire-rental.info\/wp-content\/uploads\/2018\/12\/aerodrom-split-rent-a-car-460x259.jpg 460w\" sizes=\"(max-width: 1000px) 100vw, 1000px\" \/>\n\t\t\t\t<figcaption><div><h4>Split<\/h4><p class=\"cz_wpe_content\"><p style=\"text-align: center;\">aerodrom<\/p>\n<\/p><\/div><\/figcaption>\t\t\t\n\t\t\t<\/figure>\n\t\t<\/div>[\/vc_column][vc_column width=&#8221;1\/4&#8243;]<div id=\"cz_49448\" class=\"cz_49448 cz_banner clr\">\n\t\t\t<figure class=\"effect-style1\">\n\t\t\t\t<img width=\"1000\" height=\"562\" src=\"https:\/\/www.car-hire-rental.info\/wp-content\/uploads\/2018\/12\/split-lokacija-rent-a-car.jpg\" class=\"attachment-full\" alt=\"\" loading=\"lazy\" title=\"split-lokacija-rent-a-car\" srcset=\"https:\/\/www.car-hire-rental.info\/wp-content\/uploads\/2018\/12\/split-lokacija-rent-a-car.jpg 1000w, https:\/\/www.car-hire-rental.info\/wp-content\/uploads\/2018\/12\/split-lokacija-rent-a-car-600x337.jpg 600w, https:\/\/www.car-hire-rental.info\/wp-content\/uploads\/2018\/12\/split-lokacija-rent-a-car-300x169.jpg 300w, https:\/\/www.car-hire-rental.info\/wp-content\/uploads\/2018\/12\/split-lokacija-rent-a-car-768x432.jpg 768w, https:\/\/www.car-hire-rental.info\/wp-content\/uploads\/2018\/12\/split-lokacija-rent-a-car-460x259.jpg 460w\" sizes=\"(max-width: 1000px) 100vw, 1000px\" \/>\n\t\t\t\t<figcaption><div><h4>Split<\/h4><p class=\"cz_wpe_content\"><p style=\"text-align: center;\">\u017eeljena lokacija<\/p>\n<\/p><\/div><\/figcaption>\t\t\t\n\t\t\t<\/figure>\n\t\t<\/div>[\/vc_column][vc_column width=&#8221;1\/4&#8243;]<div id=\"cz_11277\" class=\"cz_11277 cz_banner clr\">\n\t\t\t<figure class=\"effect-style1\">\n\t\t\t\t<img width=\"1000\" height=\"562\" src=\"https:\/\/www.car-hire-rental.info\/wp-content\/uploads\/2018\/12\/hotel-la-meridien-lav-split-rent-a-car.jpg\" class=\"attachment-full\" alt=\"\" loading=\"lazy\" title=\"hotel-la-meridien-lav-split-rent-a-car\" srcset=\"https:\/\/www.car-hire-rental.info\/wp-content\/uploads\/2018\/12\/hotel-la-meridien-lav-split-rent-a-car.jpg 1000w, https:\/\/www.car-hire-rental.info\/wp-content\/uploads\/2018\/12\/hotel-la-meridien-lav-split-rent-a-car-600x337.jpg 600w, https:\/\/www.car-hire-rental.info\/wp-content\/uploads\/2018\/12\/hotel-la-meridien-lav-split-rent-a-car-300x169.jpg 300w, https:\/\/www.car-hire-rental.info\/wp-content\/uploads\/2018\/12\/hotel-la-meridien-lav-split-rent-a-car-768x432.jpg 768w, https:\/\/www.car-hire-rental.info\/wp-content\/uploads\/2018\/12\/hotel-la-meridien-lav-split-rent-a-car-460x259.jpg 460w\" sizes=\"(max-width: 1000px) 100vw, 1000px\" \/>\n\t\t\t\t<figcaption><div><h4>Split<\/h4><p class=\"cz_wpe_content\"><p style=\"text-align: center;\">Hotel Le Medirien Lav<\/p>\n<\/p><\/div><\/figcaption>\t\t\t\n\t\t\t<\/figure>\n\t\t<\/div>[\/vc_column][\/vc_row][vc_row][vc_column]<div class=\"cz_gap clr  hide_on_tablet hide_on_mobile\" style=\"height: 50px\"><\/div><div class=\"cz_gap show_on_tablet clr  show_only_tablet\" style=\"height: 20px\"><\/div><div class=\"cz_gap show_on_mobile clr\" style=\"height: 5px\"><\/div>[\/vc_column][\/vc_row][vc_row][vc_column width=&#8221;1\/4&#8243;]<div id=\"cz_19089\" class=\"cz_19089 cz_banner clr\">\n\t\t\t<figure class=\"effect-style1\">\n\t\t\t\t<img width=\"1000\" height=\"562\" src=\"https:\/\/www.car-hire-rental.info\/wp-content\/uploads\/2018\/12\/aerodrom-zadar-rent-a-car.jpg\" class=\"attachment-full\" alt=\"\" loading=\"lazy\" title=\"aerodrom-zadar-rent-a-car\" srcset=\"https:\/\/www.car-hire-rental.info\/wp-content\/uploads\/2018\/12\/aerodrom-zadar-rent-a-car.jpg 1000w, https:\/\/www.car-hire-rental.info\/wp-content\/uploads\/2018\/12\/aerodrom-zadar-rent-a-car-600x337.jpg 600w, https:\/\/www.car-hire-rental.info\/wp-content\/uploads\/2018\/12\/aerodrom-zadar-rent-a-car-300x169.jpg 300w, https:\/\/www.car-hire-rental.info\/wp-content\/uploads\/2018\/12\/aerodrom-zadar-rent-a-car-768x432.jpg 768w, https:\/\/www.car-hire-rental.info\/wp-content\/uploads\/2018\/12\/aerodrom-zadar-rent-a-car-460x259.jpg 460w\" sizes=\"(max-width: 1000px) 100vw, 1000px\" \/>\n\t\t\t\t<figcaption><div><h4>Zadar<\/h4><p class=\"cz_wpe_content\"><p style=\"text-align: center;\">aerodrom<\/p>\n<\/p><\/div><\/figcaption>\t\t\t\n\t\t\t<\/figure>\n\t\t<\/div>[\/vc_column][vc_column width=&#8221;1\/4&#8243;]<div id=\"cz_21819\" class=\"cz_21819 cz_banner clr\">\n\t\t\t<figure class=\"effect-style1\">\n\t\t\t\t<img width=\"1000\" height=\"562\" src=\"https:\/\/www.car-hire-rental.info\/wp-content\/uploads\/2018\/12\/zadar-rent-a-car.jpg\" class=\"attachment-full\" alt=\"\" loading=\"lazy\" title=\"zadar-rent-a-car\" srcset=\"https:\/\/www.car-hire-rental.info\/wp-content\/uploads\/2018\/12\/zadar-rent-a-car.jpg 1000w, https:\/\/www.car-hire-rental.info\/wp-content\/uploads\/2018\/12\/zadar-rent-a-car-600x337.jpg 600w, https:\/\/www.car-hire-rental.info\/wp-content\/uploads\/2018\/12\/zadar-rent-a-car-300x169.jpg 300w, https:\/\/www.car-hire-rental.info\/wp-content\/uploads\/2018\/12\/zadar-rent-a-car-768x432.jpg 768w, https:\/\/www.car-hire-rental.info\/wp-content\/uploads\/2018\/12\/zadar-rent-a-car-460x259.jpg 460w\" sizes=\"(max-width: 1000px) 100vw, 1000px\" \/>\n\t\t\t\t<figcaption><div><h4>Zadar<\/h4><p class=\"cz_wpe_content\"><p style=\"text-align: center;\">centar<\/p>\n<\/p><\/div><\/figcaption>\t\t\t\n\t\t\t<\/figure>\n\t\t<\/div>[\/vc_column][vc_column width=&#8221;1\/4&#8243;]<div id=\"cz_90378\" class=\"cz_90378 cz_banner clr\">\n\t\t\t<figure class=\"effect-style1\">\n\t\t\t\t<img width=\"1000\" height=\"562\" src=\"https:\/\/www.car-hire-rental.info\/wp-content\/uploads\/2018\/12\/aerodrom-zagreb-rent-a-car.jpg\" class=\"attachment-full\" alt=\"\" loading=\"lazy\" title=\"aerodrom-zagreb-rent-a-car\" srcset=\"https:\/\/www.car-hire-rental.info\/wp-content\/uploads\/2018\/12\/aerodrom-zagreb-rent-a-car.jpg 1000w, https:\/\/www.car-hire-rental.info\/wp-content\/uploads\/2018\/12\/aerodrom-zagreb-rent-a-car-600x337.jpg 600w, https:\/\/www.car-hire-rental.info\/wp-content\/uploads\/2018\/12\/aerodrom-zagreb-rent-a-car-300x169.jpg 300w, https:\/\/www.car-hire-rental.info\/wp-content\/uploads\/2018\/12\/aerodrom-zagreb-rent-a-car-768x432.jpg 768w, https:\/\/www.car-hire-rental.info\/wp-content\/uploads\/2018\/12\/aerodrom-zagreb-rent-a-car-460x259.jpg 460w\" sizes=\"(max-width: 1000px) 100vw, 1000px\" \/>\n\t\t\t\t<figcaption><div><h4>Zagreb<\/h4><p class=\"cz_wpe_content\"><p style=\"text-align: center;\">aerodrom<\/p>\n<\/p><\/div><\/figcaption>\t\t\t\n\t\t\t<\/figure>\n\t\t<\/div>[\/vc_column][vc_column width=&#8221;1\/4&#8243;]<div id=\"cz_83259\" class=\"cz_83259 cz_banner clr\">\n\t\t\t<figure class=\"effect-style1\">\n\t\t\t\t<img width=\"1000\" height=\"562\" src=\"https:\/\/www.car-hire-rental.info\/wp-content\/uploads\/2018\/12\/aerodrom-dubrovnik-rent-a-car.jpg\" class=\"attachment-full\" alt=\"\" loading=\"lazy\" title=\"aerodrom-dubrovnik-rent-a-car\" srcset=\"https:\/\/www.car-hire-rental.info\/wp-content\/uploads\/2018\/12\/aerodrom-dubrovnik-rent-a-car.jpg 1000w, https:\/\/www.car-hire-rental.info\/wp-content\/uploads\/2018\/12\/aerodrom-dubrovnik-rent-a-car-600x337.jpg 600w, https:\/\/www.car-hire-rental.info\/wp-content\/uploads\/2018\/12\/aerodrom-dubrovnik-rent-a-car-300x169.jpg 300w, https:\/\/www.car-hire-rental.info\/wp-content\/uploads\/2018\/12\/aerodrom-dubrovnik-rent-a-car-768x432.jpg 768w, https:\/\/www.car-hire-rental.info\/wp-content\/uploads\/2018\/12\/aerodrom-dubrovnik-rent-a-car-460x259.jpg 460w\" sizes=\"(max-width: 1000px) 100vw, 1000px\" \/>\n\t\t\t\t<figcaption><div><h4>Dubrovnik<\/h4><p class=\"cz_wpe_content\"><p style=\"text-align: center;\">aerodrom<\/p>\n<\/p><\/div><\/figcaption>\t\t\t\n\t\t\t<\/figure>\n\t\t<\/div>[\/vc_column][\/vc_row][vc_row][vc_column]<div class=\"cz_gap clr \" style=\"height: 50px\"><\/div>[\/vc_column][\/vc_row]<\/p>\n","protected":false},"excerpt":{"rendered":"<p>[vc_row][vc_column][vc_column_text]San Diego Tours d.o.o. RENT A CAR SPLIT pru\u017ea vam mogu\u0107nost &#8230; <\/p>\n","protected":false},"author":1,"featured_media":0,"parent":0,"menu_order":0,"comment_status":"closed","ping_status":"closed","template":"","meta":[],"_links":{"self":[{"href":"https:\/\/www.car-hire-rental.info\/hr\/wp-json\/wp\/v2\/pages\/10360\/"}],"collection":[{"href":"https:\/\/www.car-hire-rental.info\/hr\/wp-json\/wp\/v2\/pages\/"}],"about":[{"href":"https:\/\/www.car-hire-rental.info\/hr\/wp-json\/wp\/v2\/types\/page\/"}],"author":[{"embeddable":true,"href":"https:\/\/www.car-hire-rental.info\/hr\/wp-json\/wp\/v2\/users\/1\/"}],"replies":[{"embeddable":true,"href":"https:\/\/www.car-hire-rental.info\/hr\/wp-json\/wp\/v2\/comments\/?post=10360"}],"version-history":[{"count":5,"href":"https:\/\/www.car-hire-rental.info\/hr\/wp-json\/wp\/v2\/pages\/10360\/revisions\/"}],"predecessor-version":[{"id":10978,"href":"https:\/\/www.car-hire-rental.info\/hr\/wp-json\/wp\/v2\/pages\/10360\/revisions\/10978\/"}],"wp:attachment":[{"href":"https:\/\/www.car-hire-rental.info\/hr\/wp-json\/wp\/v2\/media\/?parent=10360"}],"curies":[{"name":"wp","href":"https:\/\/api.w.org\/{rel}","templated":true}]}}